{"id":1190,"date":"2021-04-12T15:00:40","date_gmt":"2021-04-12T15:00:40","guid":{"rendered":"http:\/\/tierrechtsbund-aktiv.de\/wp\/?page_id=1190"},"modified":"2021-04-12T15:00:55","modified_gmt":"2021-04-12T15:00:55","slug":"1190-2","status":"publish","type":"page","link":"https:\/\/tierrechtsbund-aktiv.de\/wp\/?page_id=1190","title":{"rendered":"Links"},"content":{"rendered":"\n<figure class=\"wp-block-table\"><table><tbody><tr><th scope=\"col\">Tierrecht<\/th><\/tr><tr><td><strong><a rel=\"noreferrer noopener\" href=\"http:\/\/www.peta.de\/\" target=\"_blank\">Peta<\/a>\u00a0<\/strong><br>Die Grundrechte von Tieren, also ihre ureigensten Interessen, m\u00fcssen ber\u00fccksichtigt werden, ganz gleich ob die Tiere f\u00fcr den Menschen von irgendeinem Nutzen sind. Genau wie wir k\u00f6nnen sie leiden und haben ein Interesse daran, ihr eigenes Leben zu leben. Daher steht es uns nicht zu, sie f\u00fcr Ern\u00e4hrung, Kleidung, Experimente oder aus anderen Gr\u00fcnden zu benutzen.<br><br><strong><a rel=\"noreferrer noopener\" href=\"http:\/\/aerzte-gegen-tierversuche.tierrechte.de\/\" target=\"_blank\">\u00c4rzte gegen Tierversuche<\/a>\u00a0<\/strong><br>eine Gruppe von Medizinern (\u00c4rzte, Tier\u00e4rzte, Zahn\u00e4rzte), Naturwissenschaftlern und Psychologen, die Tierversuche aus methodischen, medizinischen und moralischen Gr\u00fcnden ablehnen. <a rel=\"noreferrer noopener\" href=\"http:\/\/www.datenbank-tierversuche.de\/\" target=\"_blank\"><strong>Datenbank Tierversuche<\/strong><\/a><br><br><strong><a rel=\"noreferrer noopener\" href=\"http:\/\/aktiv.tierrecht.de\/\" target=\"_blank\">Tierrecht Aktiv<\/a>\u00a0<\/strong><br>ist ein offener Zusammenschluss ehrenamtlich arbeitender Tierrechts-AktivistInnen aus dem Gro\u00dfraum Hannover. Ziel ist nicht die Gewinnerzielung sondern die Aufkl\u00e4rung der Bev\u00f6lkerung im tierrechtlichen Sinne durch \u00f6ffentliche und\/oder medienwirksame Aktionen sowie der Schutz als auch die Befreiung, Pflege und Vermittlung gequ\u00e4lter Tiere.<a rel=\"noreferrer noopener\" href=\"http:\/\/www.animalliberationfront.com\/\" target=\"_blank\">ALF<\/a><br>Animal Liberation Front\u00a0<br><br><strong><a rel=\"noreferrer noopener\" href=\"http:\/\/www.tierbefreier.de\/\" target=\"_blank\">Die Tierbefreier e.V.<\/a><br><br><a rel=\"noreferrer noopener\" href=\"http:\/\/www.fischen-tut-weh.de\/\" target=\"_blank\">www.fischen-tut-weh.de<\/a><br><br><a href=\"http:\/\/www.worldanimal.net\/index.html\">Menschen f\u00fcr Tierrechte Bundesverband der Tierversuchsgegner e.V.<\/a><br><br><a rel=\"noreferrer noopener\" href=\"http:\/\/www.netzwerk-tierrechte-owl.de\/\" target=\"_blank\">Netzwerk Tierrechte OWL<\/a><br><br><a rel=\"noreferrer noopener\" href=\"http:\/\/aspektantispe.blogsport.de\/\" target=\"_blank\">Aktion:Antispe<\/a>\u00a0\u00a0<br><\/strong><br><\/td><\/tr><tr><td>&nbsp;<\/td><\/tr><\/tbody><\/table><\/figure>\n\n\n\n<figure class=\"wp-block-table\"><table><tbody><tr><th scope=\"col\">Tierschutz<\/th><\/tr><tr><td><strong><a href=\"http:\/\/www.tierheim-whv.de\/\">Tierheim Wilhelmshaven<\/a><br><br><a rel=\"noreferrer noopener\" href=\"http:\/\/www.tiere-im-norden.de\/tierschutz-im-norden\/tierschutz-bremerhaven\/\" target=\"_blank\">Tierheim Bremerhaven<\/a><br><br><a rel=\"noreferrer noopener\" href=\"http:\/\/www.tierheim-juebberde.de\/\" target=\"_blank\">Tierheim J\u00fcbberde<\/a><br><br><a rel=\"noreferrer noopener\" href=\"http:\/\/www.bremer-tierschutzverein.de\/\" target=\"_blank\">Tierheim Bremen<\/a><br><br><a rel=\"noreferrer noopener\" href=\"http:\/\/www.tierschutzverein-lilienthal.de\/\" target=\"_blank\">Tierschutzverein Lillienthal<\/a><br><br><a rel=\"noreferrer noopener\" href=\"http:\/\/www.tiernotruf.org\/\" target=\"_blank\">Tasso e.V.<\/a><\/strong><br>u.a. Haustierzentralregiter<br><br><strong><a rel=\"noreferrer noopener\" href=\"http:\/\/www.tiereinnot-ohz.de\/\" target=\"_blank\">Tiere in Not e.V.<\/a><br><br><a rel=\"noreferrer noopener\" href=\"http:\/\/www.tierheim-verden.de\/\" target=\"_blank\">Tierheim Verden<\/a><br><br><a rel=\"noreferrer noopener\" href=\"http:\/\/www.tierheim-arche-noah.de\/\" target=\"_blank\">Tierheim Brinkum<\/a><br><br><a rel=\"noreferrer noopener\" href=\"http:\/\/www.katzenschutzbund.com\/\" target=\"_blank\">Katzenschutzbund Osnabr\u00fcck<\/a><br><br><a rel=\"noreferrer noopener\" href=\"http:\/\/www.lmtvet-bremen.de\/\" target=\"_blank\">LmTVet<\/a><\/strong><br>Lebensmittel\u00fcberwachungs-, Tierschutz- und Veterin\u00e4rdienst (LMTVet) des Landes Bremen<br><strong><br><a rel=\"noreferrer noopener\" href=\"http:\/\/www.wildtierhilfe.de\/\" target=\"_blank\">Wildtierhilfe<\/a><br><br><a rel=\"noreferrer noopener\" href=\"http:\/\/www.tierhilfe-direkt.de\/\" target=\"_blank\">Tierhilfe Direkt<\/a><br><br><a rel=\"noreferrer noopener\" href=\"http:\/\/www.tierhof-gass.de\/\" target=\"_blank\">Tierheim Goldenstedt<\/a><br><br><a rel=\"noreferrer noopener\" href=\"http:\/\/www.tierschutzvereinrotenburg.de\/\" target=\"_blank\">Tierschutzverein Rotenburg W\u00fcmme<\/a><br><br><a rel=\"noreferrer noopener\" href=\"http:\/\/www.zwerge-in-not.de\/\" target=\"_blank\">Zwerge in Not<\/a><br><br><a rel=\"noreferrer noopener\" href=\"http:\/\/tierrettung-berlin.de\/\" target=\"_blank\">Tierrettung Berlin<\/a><br><br><a rel=\"noreferrer noopener\" href=\"http:\/\/www.tsg-wildeshausen.de\/\" target=\"_blank\">Tierschutzgruppe Wildeshausen<\/a><br><br><a rel=\"noreferrer noopener\" href=\"http:\/\/www.tsv-delmenhorst.de\/\" target=\"_blank\">Tierschutzverein Delmenhorst<\/a><br><br><a rel=\"noreferrer noopener\" href=\"http:\/\/www.worldanimal.net\/index.html\" target=\"_blank\">World Animal Net<\/a><\/strong><br>Diese Seite bietet die M\u00f6glichkeit f\u00fcr jedes Land Tierschutzvereine vor Ort zu finden.<br><br><a rel=\"noreferrer noopener\" href=\"http:\/\/www.sunnydays-for-animals.de\/\" target=\"_blank\"><strong>Sunny Days for Animals e. V.<\/strong><\/a><br>Tierschutz im Ausland (Ungarn, T\u00fcrkei)<br><br><strong><a rel=\"noreferrer noopener\" href=\"http:\/\/www.prowildlife.de\/\" target=\"_blank\">Pro Wildlife &#8211; Artenschutz weltweit<\/a><br><br><a rel=\"noreferrer noopener\" href=\"http:\/\/www.anjas-tierpension.de\/asyl.html\" target=\"_blank\">Tierasyl Heimatlos e. V.<\/a><\/strong><br>Anja&#8217;s Tierheim und Pension zwischen Bremen und Bremerhaven\u00a0<br><br><strong><a rel=\"noreferrer noopener\" href=\"http:\/\/www.tierheim-sedelsberg.de\/\" target=\"_blank\">Tierschutzverein Friesoythe und Umgebung e.V.<\/a><br><br><a rel=\"noreferrer noopener\" href=\"http:\/\/www.elefanten-schutz-europa.de\/\" target=\"_blank\">Elefanten Schutz Europa e. V.<\/a><br><br><a rel=\"noreferrer noopener\" href=\"http:\/\/www.gegen-stallpflicht.de\/de\/startseite.html\" target=\"_blank\">Gegen Stallpflicht &#8211; Freiheit f\u00fcr&#8217;s Federvieh<\/a><br><br><a rel=\"noreferrer noopener\" href=\"http:\/\/www.tierheim-drakenburg.de\/\" target=\"_blank\">Tierheim Drakenburg<\/a><br><br><a rel=\"noreferrer noopener\" href=\"http:\/\/www.tierschutz-brv.de\/\" target=\"_blank\">Tierheim Bremerv\u00f6rde<\/a><br><br><a rel=\"noreferrer noopener\" href=\"http:\/\/www.tierheim-ahaus.de\/\" target=\"_blank\">Tierheim Ahaus<\/a><br><br><a rel=\"noreferrer noopener\" href=\"\/\/leinenlos.org\" target=\"_blank\">leinenlos.org<\/a><br><br><a href=\"http:\/\/www.arbeitskreis-tierschutz.de\/\">Arbeitskreis f\u00fcr humanen Tierschutz und gegen Tierversuche e.V<\/a><br><br><a rel=\"noreferrer noopener\" href=\"http:\/\/www.vier-pfoten.de\/\" target=\"_blank\">Vier Pfoten<\/a><br><br><a rel=\"noreferrer noopener\" href=\"http:\/\/www.baer.de\/\" target=\"_blank\">Alternativer B\u00e4renpark Worbis<\/a><br><br><a rel=\"noreferrer noopener\" href=\"http:\/\/www.ewetel.net\/~hof.kunterbunt\/\" target=\"_blank\">Hof Kunterbunt<\/a><br><br><a rel=\"noreferrer noopener\" href=\"http:\/\/www.hundeschule-wolfsblut.de.vu\/\" target=\"_blank\">Hundeauffangstation Wolfsblut<\/a><br><br><a rel=\"noreferrer noopener\" href=\"http:\/\/www.katzenhilfe-bremen.de\/\" target=\"_blank\">Katzenhilfe Bremen<\/a><\/strong><\/td><\/tr><tr><td>&nbsp;<\/td><\/tr><\/tbody><\/table><\/figure>\n\n\n\n<figure class=\"wp-block-table\"><table><tbody><tr><th scope=\"col\">Tiermedizin<\/th><\/tr><tr><td><strong><a rel=\"noreferrer noopener\" href=\"http:\/\/blutegel-therapie.de\/\" target=\"_blank\">blutegel-therapie.de\/<\/a><\/strong><br><br><strong><a rel=\"noreferrer noopener\" href=\"http:\/\/www.meddoc.at\/hirudo.htm\" target=\"_blank\">meddoc.at<\/a><\/strong><br><br><strong><a rel=\"noreferrer noopener\" href=\"http:\/\/www.0800vanity.com\/blutegel\/Blutegeldeutsch\/DerBlutegel.htm?\/blutegel\/Blutegeldeutsch\/blutegelhistorisch.htm\" target=\"_blank\">Die Geschichte des Blutegels<\/a><\/strong><br><br><strong><a rel=\"noreferrer noopener\" href=\"http:\/\/www.tierheilpraktiker24.de\/\" target=\"_blank\">tierheilpraktiker24<\/a><\/strong><br><br><strong><a rel=\"noreferrer noopener\" href=\"http:\/\/www.freie-tierheilpraktiker.de\/index1024.htm\" target=\"_blank\">Verband freier Tierheilpraktiker e.V.<\/a><\/strong><br><br><strong><a rel=\"noreferrer noopener\" href=\"http:\/\/www.tierheilpraktiker.de\/\" target=\"_blank\">Verband Deutscher Tierheilpraktiker e.V<\/a><\/strong><br><br><br><\/td><\/tr><tr><td>&nbsp;<\/td><\/tr><\/tbody><\/table><\/figure>\n\n\n\n<figure class=\"wp-block-table\"><table><tbody><tr><th scope=\"col\">Vegan Leben<\/th><\/tr><tr><td><strong><a rel=\"noreferrer noopener\" href=\"http:\/\/www.chefkoch.de\/kochbuch\/111\/Vegan-rezepte.html\" target=\"_blank\">Vegane Rezepte bei Chefkoch.de<\/a><a rel=\"noreferrer noopener\" href=\"http:\/\/www.kochmeister.com\/kb\/89\" target=\"_blank\">V<\/a><br><br><a rel=\"noreferrer noopener\" href=\"http:\/\/www.kochmeister.com\/kb\/89\" target=\"_blank\">egane Rezepte bei Kochmeister.de<\/a><br><br><a rel=\"noreferrer noopener\" href=\"http:\/\/www.vegan.de\/bibliothek\/rezepte\/\" target=\"_blank\">Rezepte von vegan.de<\/a><br><br><a rel=\"noreferrer noopener\" href=\"http:\/\/www.naturkost.de\/rezept\/leser_vegan.htm\" target=\"_blank\">Vegane Rezepte bei naturkost.de<\/a><br><br><a rel=\"noreferrer noopener\" href=\"http:\/\/www.naturkost.de\/rezept\/leser_vegan.htm\" target=\"_blank\">Rezepte von Vegan-Welt.de<\/a><br><br><a rel=\"noreferrer noopener\" href=\"http:\/\/tierrechtskochbuch.de\/\" target=\"_blank\">tierrechtskochbuch.de<\/a><br><br><a rel=\"noreferrer noopener\" href=\"http:\/\/www.amazon.de\/exec\/obidos\/search-handle-url\/index=books-de&amp;field-keywords=vegan\/ref=xs_ap_l_xgl\/302-3256808-1246445\" target=\"_blank\">Kochb\u00fccher<\/a><a rel=\"noreferrer noopener\" href=\"http:\/\/www.radixversand.de\/\" target=\"_blank\">radixversand<\/a><a rel=\"noreferrer noopener\" href=\"http:\/\/www.veganbasics.de\/\" target=\"_blank\">veganbasics<\/a><br><br><a rel=\"noreferrer noopener\" href=\"http:\/\/www.transgen.de\/datenbank\/e-nummern\/\" target=\"_blank\">Datenbank Lebensmittelzus\u00e4tze<\/a>\u00a0\u00a0<\/strong><\/td><\/tr><tr><td>&nbsp;<\/td><\/tr><\/tbody><\/table><\/figure>\n\n\n\n<figure class=\"wp-block-table\"><table><tbody><tr><th scope=\"col\">Sonstiges<\/th><\/tr><tr><td><a rel=\"noreferrer noopener\" href=\"http:\/\/www.bfr.bund.de\/\" target=\"_blank\">Bundesinstitut f\u00fcr Risikobewertung<\/a><a rel=\"noreferrer noopener\" href=\"http:\/\/verbraucherministerium.de\/\" target=\"_blank\">V<\/a><br><br><a rel=\"noreferrer noopener\" href=\"http:\/\/verbraucherministerium.de\/\" target=\"_blank\">erbraucherministerium<\/a><br><br><strong><em><a rel=\"noreferrer noopener\" href=\"http:\/\/www.maxherfert.de\/index.htm\" target=\"_blank\">Homepage von Max Herfert<\/a><\/em><\/strong><br><br><strong><a rel=\"noreferrer noopener\" href=\"http:\/\/www.pfoetchenhotel.de\/\" target=\"_blank\">Pf\u00f6tchenhotel<\/a><br><br><a rel=\"noreferrer noopener\" href=\"http:\/\/www.dogcity-bremen.de\/\" target=\"_blank\">Dog City<\/a><br><br><a href=\"http:\/\/www.bremertiertaxi.de\/\">Bremer Tiertaxi<\/a><br><br><a rel=\"noreferrer noopener\" href=\"http:\/\/www.raemmi-daemmi.de\/\" target=\"_blank\">Cirkus R\u00e4mmi D\u00e4mmi<\/a><br><br><a rel=\"noreferrer noopener\" href=\"http:\/\/www.tierfriedhof-bremen.de\/\" target=\"_blank\">Tierfriedhof Bremen<\/a><br><br><a rel=\"noreferrer noopener\" href=\"http:\/\/www.seehundstation-friedrichskoog.de\/frame1.htm\" target=\"_blank\">Seehundaufzuchtstation Friderichskoog<\/a><br><br><a rel=\"noreferrer noopener\" href=\"http:\/\/www.tiernotruf.org\/\" target=\"_blank\">Haustierzentralregister<\/a><br><br><a rel=\"noreferrer noopener\" href=\"http:\/\/www.bund.net\/\" target=\"_blank\">BUND<\/a><br><br><a rel=\"noreferrer noopener\" href=\"http:\/\/www.botanika.de\/\" target=\"_blank\">Botanika<\/a><br><br><a rel=\"noreferrer noopener\" href=\"http:\/\/www.hundepolitik.de\/gesetze.html\" target=\"_blank\">Hundepolitik<\/a><\/strong><\/td><\/tr><tr><td>&nbsp;<\/td><\/tr><\/tbody><\/table><\/figure>\n\n\n","protected":false},"excerpt":{"rendered":"<p>Tierrecht Peta\u00a0Die Grundrechte von Tieren, also ihre ureigensten Interessen, m\u00fcssen ber\u00fccksichtigt werden, ganz gleich ob die Tiere f\u00fcr den Menschen von irgendeinem Nutzen sind. Genau &hellip; <\/p>\n","protected":false},"author":1,"featured_media":0,"parent":0,"menu_order":0,"comment_status":"closed","ping_status":"closed","template":"","meta":{"_crdt_document":"","footnotes":""},"class_list":["post-1190","page","type-page","status-publish","hentry"],"_links":{"self":[{"href":"https:\/\/tierrechtsbund-aktiv.de\/wp\/index.php?rest_route=\/wp\/v2\/pages\/1190","targetHints":{"allow":["GET"]}}],"collection":[{"href":"https:\/\/tierrechtsbund-aktiv.de\/wp\/index.php?rest_route=\/wp\/v2\/pages"}],"about":[{"href":"https:\/\/tierrechtsbund-aktiv.de\/wp\/index.php?rest_route=\/wp\/v2\/types\/page"}],"author":[{"embeddable":true,"href":"https:\/\/tierrechtsbund-aktiv.de\/wp\/index.php?rest_route=\/wp\/v2\/users\/1"}],"replies":[{"embeddable":true,"href":"https:\/\/tierrechtsbund-aktiv.de\/wp\/index.php?rest_route=%2Fwp%2Fv2%2Fcomments&post=1190"}],"version-history":[{"count":2,"href":"https:\/\/tierrechtsbund-aktiv.de\/wp\/index.php?rest_route=\/wp\/v2\/pages\/1190\/revisions"}],"predecessor-version":[{"id":1192,"href":"https:\/\/tierrechtsbund-aktiv.de\/wp\/index.php?rest_route=\/wp\/v2\/pages\/1190\/revisions\/1192"}],"wp:attachment":[{"href":"https:\/\/tierrechtsbund-aktiv.de\/wp\/index.php?rest_route=%2Fwp%2Fv2%2Fmedia&parent=1190"}],"curies":[{"name":"wp","href":"https:\/\/api.w.org\/{rel}","templated":true}]}}