{"id":1665,"date":"2025-10-30T15:52:41","date_gmt":"2025-10-30T15:52:41","guid":{"rendered":"http:\/\/tierrechtsbund-aktiv.de\/wp\/?page_id=1665"},"modified":"2025-10-30T15:52:42","modified_gmt":"2025-10-30T15:52:42","slug":"unsere-mitarbeiter","status":"publish","type":"page","link":"https:\/\/tierrechtsbund-aktiv.de\/wp\/?page_id=1665","title":{"rendered":"Unsere Mitarbeiter"},"content":{"rendered":"\n<figure class=\"wp-block-table\"><table class=\"has-fixed-layout\"><tbody><tr><td>Andreas Zemke<\/td><td>1. Vorsitzender<\/td><\/tr><tr><td>Gisela Tschech<\/td><td>Gesch\u00e4ftsf\u00fchrerin<\/td><\/tr><tr><td>Gaby Schwab<\/td><td>Pressesprecherin<\/td><\/tr><tr><td>Markus H\u00f6ltke<\/td><td>Veranstaltungsleiter<\/td><\/tr><\/tbody><\/table><\/figure>\n\n\n\n<p class=\"wp-block-paragraph\"><\/p>\n","protected":false},"excerpt":{"rendered":"<p>Andreas Zemke 1. Vorsitzender Gisela Tschech Gesch\u00e4ftsf\u00fchrerin Gaby Schwab Pressesprecherin Markus H\u00f6ltke Veranstaltungsleiter<\/p>\n","protected":false},"author":1,"featured_media":0,"parent":0,"menu_order":0,"comment_status":"closed","ping_status":"closed","template":"","meta":{"_crdt_document":"","footnotes":""},"class_list":["post-1665","page","type-page","status-publish","hentry"],"_links":{"self":[{"href":"https:\/\/tierrechtsbund-aktiv.de\/wp\/index.php?rest_route=\/wp\/v2\/pages\/1665","targetHints":{"allow":["GET"]}}],"collection":[{"href":"https:\/\/tierrechtsbund-aktiv.de\/wp\/index.php?rest_route=\/wp\/v2\/pages"}],"about":[{"href":"https:\/\/tierrechtsbund-aktiv.de\/wp\/index.php?rest_route=\/wp\/v2\/types\/page"}],"author":[{"embeddable":true,"href":"https:\/\/tierrechtsbund-aktiv.de\/wp\/index.php?rest_route=\/wp\/v2\/users\/1"}],"replies":[{"embeddable":true,"href":"https:\/\/tierrechtsbund-aktiv.de\/wp\/index.php?rest_route=%2Fwp%2Fv2%2Fcomments&post=1665"}],"version-history":[{"count":1,"href":"https:\/\/tierrechtsbund-aktiv.de\/wp\/index.php?rest_route=\/wp\/v2\/pages\/1665\/revisions"}],"predecessor-version":[{"id":1666,"href":"https:\/\/tierrechtsbund-aktiv.de\/wp\/index.php?rest_route=\/wp\/v2\/pages\/1665\/revisions\/1666"}],"wp:attachment":[{"href":"https:\/\/tierrechtsbund-aktiv.de\/wp\/index.php?rest_route=%2Fwp%2Fv2%2Fmedia&parent=1665"}],"curies":[{"name":"wp","href":"https:\/\/api.w.org\/{rel}","templated":true}]}}