{"id":989,"date":"2021-04-07T08:43:22","date_gmt":"2021-04-07T08:43:22","guid":{"rendered":"http:\/\/tierrechtsbund-aktiv.de\/wp\/?page_id=989"},"modified":"2024-06-10T13:51:06","modified_gmt":"2024-06-10T13:51:06","slug":"unterstuetzer-werden","status":"publish","type":"page","link":"https:\/\/tierrechtsbund-aktiv.de\/wp\/?page_id=989","title":{"rendered":"Unterst\u00fctzer werden"},"content":{"rendered":"\n<p class=\"wp-block-paragraph\"><strong><em>An dieser Stelle m\u00f6chten wir uns bei unseren Mitgliedern f\u00fcr die F\u00f6rderung unserer Arbeit bedanken.<\/em><\/strong><\/p>\n\n\n\n<p class=\"wp-block-paragraph\"> Um diese jedoch auch in Zukunft unabh\u00e4ngig weiterf\u00fchren zu k\u00f6nnen sind wir weiterhin auf finanzielle Unterst\u00fctzung angewiesen. Alle unsere Projekte k\u00f6nnen nur durch Ihre Hilfe umgesetzt werden und bestehen.Helfen Sie uns durch eine Mitgliedschaft oder durch Spenden ein Umdenken der Menschen zu Gunsten der Tiere und der Umwelt zu bewirken.<\/p>\n\n\n\n<p class=\"wp-block-paragraph\">Sie m\u00f6chten uns regelm\u00e4\u00dfig unterst\u00fctzen?<a href=\"http:\/\/tierrechtsbund-aktiv.de\/wp\/wp-content\/uploads\/2021\/04\/Foerderantrag.doc\" target=\"_blank\" rel=\"noreferrer noopener\"> Laden sie den F\u00f6rderantrag herunter.<\/a><\/p>\n\n\n\n<p class=\"wp-block-paragraph\">Sie k\u00f6nnen uns spenden:<\/p>\n\n\n\n<p class=\"wp-block-paragraph\">Bankverbindung:Sparkasse Bremen<br>Iban: DE24 2905 0101 0082 6229 45<br>Bic: SBREDE22XXX<\/p>\n\n\n\n<p class=\"wp-block-paragraph\"><a rel=\"noreferrer noopener\" href=\"http:\/\/paypal.me\/tierrechtsbundaktiv\" target=\"_blank\">oder per Paypal<\/a><\/p>\n\n\n\n<figure class=\"wp-block-image size-large is-resized\"><img loading=\"lazy\" decoding=\"async\" width=\"300\" height=\"300\" src=\"http:\/\/tierrechtsbund-aktiv.de\/wp\/wp-content\/uploads\/2021\/04\/frame.png\" alt=\"\" class=\"wp-image-992\" style=\"width:138px;height:138px\" srcset=\"https:\/\/tierrechtsbund-aktiv.de\/wp\/wp-content\/uploads\/2021\/04\/frame.png 300w, https:\/\/tierrechtsbund-aktiv.de\/wp\/wp-content\/uploads\/2021\/04\/frame-150x150.png 150w\" sizes=\"auto, (max-width: 300px) 100vw, 300px\" \/><\/figure>\n\n\n\n<p class=\"wp-block-paragraph\">Wenn sie aus Rheinland Pfalz sind, d\u00fcrfen sie uns leider nicht mehr unterst\u00fctzen.<\/p>\n\n\n\n<p class=\"wp-block-paragraph\"><strong>In eigener Sache zum Werbeverzicht in Rheinland-Pfalz:<\/strong><\/p>\n\n\n\n<p class=\"wp-block-paragraph\">Es gab in Deutschland bundesweit ein Sammlungsgesetz. Dies erforderte u.a. f\u00fcr jede Sammlung eine Erlaubnis. Dies datierte vom 05.11.1934. In den weiteren Jahrzehnten wurde dieses Gesetz von den einzelnen Bundesl\u00e4ndern abge\u00e4ndert und angepasst. Im letzten Jahrzehnt sind dann diese Gesetze \u00fcberall, bis auf Th\u00fcringen, Saarland und Rheinland-Pfalz, abgeschafft worden.<\/p>\n\n\n\n<p class=\"wp-block-paragraph\">Dies wurde mit einer Verringerung des b\u00fcrokratischen Aufwands f\u00fcr Kommunen und Veranstalter begr\u00fcndet. Das allgemeine Ordnungsrecht und strafrechtliche Bestimmungen seien ausreichend, um B\u00fcrger\/-innen vor \u201eschwarzen Schafen\u201c unter den Sammlern zu sch\u00fctzen.<\/p>\n\n\n\n<p class=\"wp-block-paragraph\">Das Sammlungsgesetz ist nicht mehr zeitgem\u00e4\u00df. In den letzten Jahren hat sich der Spendenmarkt wesentlich ver\u00e4ndert. Der Einsatz neuer Medien bei der Spendenwerbung hat dazu gef\u00fchrt, dass das Sammlungsrecht nur noch einen abnehmenden Ausschnitt des Spendenmarktes regulieren kann. Andererseits hat die spendenbereite Bev\u00f6lkerung \u00fcber die Medien und das Internet zahlreiche M\u00f6glichkeiten, sich eigenverantwortlich \u00fcber die Seriosit\u00e4t von Sammlungsveranstaltern zu informieren.<\/p>\n\n\n\n<p class=\"wp-block-paragraph\">Nach reiflicher \u00dcberlegung und nach R\u00fccksprache mit dem Rechtsanwalt unseres Hauses haben wir uns entschieden und der Einfachheit halber verpflichtet, keine Sammlungen in Rheinland-Pfalz vorzunehmen. Damit haben wir dieser Beh\u00f6rde die M\u00f6glichkeit genommen, uns offiziell die Werbung zu verbieten.<br>M\u00f6ge sich jeder seine eigene Meinung dazu bilden. Wir hoffen, dass Sie unsere Entscheidung nachvollziehen k\u00f6nnen.<\/p>\n\n\n\n<p class=\"wp-block-paragraph\"><\/p>\n","protected":false},"excerpt":{"rendered":"<p>An dieser Stelle m\u00f6chten wir uns bei unseren Mitgliedern f\u00fcr die F\u00f6rderung unserer Arbeit bedanken. Um diese jedoch auch in Zukunft unabh\u00e4ngig weiterf\u00fchren zu k\u00f6nnen &hellip; <\/p>\n","protected":false},"author":1,"featured_media":0,"parent":0,"menu_order":0,"comment_status":"closed","ping_status":"closed","template":"","meta":{"_crdt_document":"","footnotes":""},"class_list":["post-989","page","type-page","status-publish","hentry"],"_links":{"self":[{"href":"https:\/\/tierrechtsbund-aktiv.de\/wp\/index.php?rest_route=\/wp\/v2\/pages\/989","targetHints":{"allow":["GET"]}}],"collection":[{"href":"https:\/\/tierrechtsbund-aktiv.de\/wp\/index.php?rest_route=\/wp\/v2\/pages"}],"about":[{"href":"https:\/\/tierrechtsbund-aktiv.de\/wp\/index.php?rest_route=\/wp\/v2\/types\/page"}],"author":[{"embeddable":true,"href":"https:\/\/tierrechtsbund-aktiv.de\/wp\/index.php?rest_route=\/wp\/v2\/users\/1"}],"replies":[{"embeddable":true,"href":"https:\/\/tierrechtsbund-aktiv.de\/wp\/index.php?rest_route=%2Fwp%2Fv2%2Fcomments&post=989"}],"version-history":[{"count":3,"href":"https:\/\/tierrechtsbund-aktiv.de\/wp\/index.php?rest_route=\/wp\/v2\/pages\/989\/revisions"}],"predecessor-version":[{"id":1575,"href":"https:\/\/tierrechtsbund-aktiv.de\/wp\/index.php?rest_route=\/wp\/v2\/pages\/989\/revisions\/1575"}],"wp:attachment":[{"href":"https:\/\/tierrechtsbund-aktiv.de\/wp\/index.php?rest_route=%2Fwp%2Fv2%2Fmedia&parent=989"}],"curies":[{"name":"wp","href":"https:\/\/api.w.org\/{rel}","templated":true}]}}