{"id":995,"date":"2021-04-07T09:03:14","date_gmt":"2021-04-07T09:03:14","guid":{"rendered":"http:\/\/tierrechtsbund-aktiv.de\/wp\/?page_id=995"},"modified":"2022-03-31T12:34:46","modified_gmt":"2022-03-31T12:34:46","slug":"satzung","status":"publish","type":"page","link":"https:\/\/tierrechtsbund-aktiv.de\/wp\/?page_id=995","title":{"rendered":"Satzung"},"content":{"rendered":"\n<p class=\"has-large-font-size wp-block-paragraph\">TIERRECHTSBUND AKTIV e.V. <\/p>\n\n\n\n<p class=\"has-large-font-size wp-block-paragraph\">Neuenlander Str. 17<\/p>\n\n\n\n<p class=\"has-large-font-size wp-block-paragraph\">28199 BREMEN<\/p>\n\n\n\n<p class=\"has-large-font-size wp-block-paragraph\"><strong>\u00a7 1 Name und Sitz <\/strong><\/p>\n\n\n\n<p class=\"has-large-font-size wp-block-paragraph\">Der Verein f\u00fchrt den Namen &#8218;TIERRECHTSBUND AKTIV &#8218;und hat seinen Sitz in 28199 Bremen. Er soll in das Register des Amtsgericht Bremen eingetragen werden. Er f\u00fchrt nach erfolgter Eintragung den Namenszusatz &#8218;e.V.&#8216;. <\/p>\n\n\n\n<p class=\"has-large-font-size wp-block-paragraph\"><strong>\u00a72 Ziel und Zweck des Vereins <\/strong><\/p>\n\n\n\n<p class=\"has-large-font-size wp-block-paragraph\">Zweck des Vereins ist der Tierschutz. Der Verein begreift Tierschutz als praktische politische und philosophische Aufgabe, den Tieren zu ihren Rechten zu verhelfen. Tiere haben nach dem Verst\u00e4ndnis des Vereins ein uneingeschr\u00e4nktes Grundrecht auf Leben, in W\u00fcrde, Selbstbestimmtheit und eine vom Menschen nicht manipulierte Existenz, den Schutz ihrer Lebensgrundlagen. <\/p>\n\n\n\n<p class=\"has-large-font-size wp-block-paragraph\">Aus dieser Erkenntnis heraus hat sich der Verein in Wahrnehmung der tierlichen Interessen vorrangig zur Aufgabe gemacht, die elementaren Rechte der Tiere auf Leben, individuelle Freiheit und k\u00f6rperliche Unversehrtheit im Bewusstsein der Bev\u00f6lkerung und aufgesetzlicher Ebene zu verankern. Dazu geh\u00f6rt: <\/p>\n\n\n\n<p class=\"has-large-font-size wp-block-paragraph\">\u2022 Die Abschaffung aller Tierversuche und der Manipulation am tierlichen Erbgut (Gentechnik). <\/p>\n\n\n\n<p class=\"has-large-font-size wp-block-paragraph\">\u2022 Die Abschaffung der industriellen Tierhaltung zum Zweck des Nahrungsmittelgewinns und\/oder Bekleidung (z.B. Pelz) und dar\u00fcberhinaus jeglicher Tierhaltung, die einen Eingriff in die Rechte der Tiere darstellen. <\/p>\n\n\n\n<p class=\"has-large-font-size wp-block-paragraph\">\u2022 Abschaffung der Gefangenhaltung von nicht domestizierten Tieren (z.B. in Menagerien, Zoos, Tierparks, Zirkussen, Safariparks). Tiere, die ein freies Leben f\u00fchren k\u00f6nnen, haben einen Anspruch auf sofortige Freilassung. <\/p>\n\n\n\n<p class=\"has-large-font-size wp-block-paragraph\">\u2022 Verbot der Dressur und Abrichtung von Tieren zu Unterhaltungszwecken (Zirkus) oder auch zur milit\u00e4rischen Verwendung. <\/p>\n\n\n\n<p class=\"has-large-font-size wp-block-paragraph\">\u2022 Abschaffung der Jagd und der Fischerei. <\/p>\n\n\n\n<p class=\"has-large-font-size wp-block-paragraph\">\u2022 Abschaffung der Rassetierzucht und jeglichen Eingriffs in die freie Partnerwahl von Tieren. <\/p>\n\n\n\n<p class=\"has-large-font-size wp-block-paragraph\">\u2022 Abschaffung der Rassetierzucht, insbesondere, wenn diese zu k\u00f6rperlichen, geistigen und psychischen Sch\u00e4den bei den Nachkommen f\u00fchrt. <\/p>\n\n\n\n<p class=\"has-large-font-size wp-block-paragraph\">\u2022 Reglementierung des Zusammenlebens von Menschen mit (Haus-)Tieren. Haustiere und andere Tiere, denen ein Leben ohne menschlicher F\u00fcrsorge offensichtlich unm\u00f6glich ist, haben einen Anspruch darauf, dass der menschliche Tierbetreuer oder die Tierbetreuerin psychisch und sozial in der Lage ist, den Tieren eine w\u00fcrdige Existenz nach den Grunds\u00e4tzen der Tierrechte zu gew\u00e4hrleisten. <\/p>\n\n\n\n<p class=\"has-large-font-size wp-block-paragraph\">\u2022 Schutz der nat\u00fcrlichen Lebensgrundlagen der Tiere. Der Verein hat ausschliesslich und unmittelbar gemeinn\u00fctzige Zwecke im Sinne des Abschnitts &#8222;steuerbeg\u00fcnstigte Zwecke&#8220; der Abgabenordnung zu verfolgen. <\/p>\n\n\n\n<p class=\"has-large-font-size wp-block-paragraph\">Der Verein ist selbstlos t\u00e4tig und verfolgt nicht in erster Linie eigenwirtschaftliche Interessen. <\/p>\n\n\n\n<p class=\"has-large-font-size wp-block-paragraph\"><strong>\u00a73 Verwirklichung der Zwecke<\/strong> <\/p>\n\n\n\n<p class=\"has-large-font-size wp-block-paragraph\">Die Durchsetzung der elementaren Grundrechte der Tiere wird folgendermassen durchgef\u00fchrt. <\/p>\n\n\n\n<p class=\"has-large-font-size wp-block-paragraph\">1. \u00d6ffentlichkeitsarbeit Unter \u00d6ffentlichkeitsarbeit ist jegliche Aktivit\u00e4t des Vereins zu verstehen, die geeignet ist, den Gedanken der Tierrechte der \u00d6ffentlichkeit n\u00e4herzubringen. Die \u00d6ffentlichkeit wird u.a. folgendermassen durchgef\u00fchrt: Herstellung und Verbreitung von problembezogenen Informationsschriften, Flugbl\u00e4ttern, Brosch\u00fcren, Zeitschriften, B\u00fcchern, Videos und Tontr\u00e4gern \u00fcber postalischem Weg, Fax oder per Handverteilung. Versorgung der Massenmedien mit Text und Bildmaterial, das geeignet ist, tierrechtlerische Positionen in die Medienberichterstattung einzubringen. Teilnahme und\/oder Mitgestaltung an Informationssendungen \/ Talkshows \/ Diskussionsrunden von Funk und Fernsehen Durchf\u00fchrung von Aktionen und damit an die \u00d6ffentlichkeit gerichtete Veranstaltungen Sammlung und Verwertung von problembezogenen Unterlagen Weiterbildungsprojekte zur Schulung in der Argumentation <\/p>\n\n\n\n<p class=\"has-large-font-size wp-block-paragraph\">2. Karitativer Tierschutz Unter karitativem Tierschutz ist jede Aktivit\u00e4t zu verstehen, die geeignet ist, Tiere, deren Grundrechte verletzt werden \/ verletzt worden sind, aus dieser Notsituation zu retten und ihre Grundrechte zu erstreiten helfen. <\/p>\n\n\n\n<p class=\"has-large-font-size wp-block-paragraph\">\u2022 Unterst\u00fctzung von Tierheimen \/ Tierasylen. \u00dcbernahme der Unterhaltskosten von Tieren, die ausserhalb vereinseigener Geb\u00e4ude untergebracht sind. <\/p>\n\n\n\n<p class=\"has-large-font-size wp-block-paragraph\">\u2022 Aktive Durchsetzung der elementaren Interessen einzelner Tiere, die in ihrem Recht auf Leben, k\u00f6rperliche Unverversehrtheit, Freiheit, W\u00fcrde, Selbstbestimmung und eine vom Menschen nicht manipulierte Existenz bedroht sind. <\/p>\n\n\n\n<p class=\"has-large-font-size wp-block-paragraph\">Die vorbeschriebenen Arbeiten und Aktivit\u00e4ten m\u00fcssen nicht zwangsl\u00e4ufig und ausschliesslich vom Vorstand des Vereins selbst und vom Sitz des Vereins ausgehend organisiert werden. Der Vorstand kann vielmehr einzelne Aktionsgruppen ausdr\u00fccklich zu Arbeiten und Aktivit\u00e4ten in vorbezeichnetem Sinne autorisieren, die dann in eigenverantwortlicher, lokal orientierter Organisation t\u00e4tig werden. Es soll die rechtsstaatliche Grundordnung nicht \u00fcberschritten werden.<\/p>\n\n\n\n<p class=\"has-large-font-size wp-block-paragraph\"><strong>\u00a74 Finanzen Einnahmen <\/strong><\/p>\n\n\n\n<p class=\"has-large-font-size wp-block-paragraph\">Die zur Erf\u00fcllung des Vereinszwecks notwendigen Mittel werden bestritten aus <\/p>\n\n\n\n<ul class=\"has-large-font-size wp-block-list\"><li>\u2022 Mitgliedsbeitr\u00e4gen, <\/li><li>\u2022 Spenden, sonstigen Zuwendungen und Einnahmen, <\/li><li>\u2022 Projektmitteln aus der \u00f6ffentlichen Hand Ausgaben <\/li><\/ul>\n\n\n\n<p class=\"has-large-font-size wp-block-paragraph\">Die Mittel des Vereins sind ausschliesslich f\u00fcr die Erreichung der satzungsgem\u00e4ssen Zwecke zu verwenden. Die Mitglieder erhalten keine Zuwendungen aus Mitteln des Vereins. Es darf keine Person durch Ausgaben, die dem Zweck der K\u00f6rperschaft fremd sind, oder durch unverh\u00e4ltnism\u00e4ssig hohe Verg\u00fctungen beg\u00fcnstigt werden. <\/p>\n\n\n\n<p class=\"has-large-font-size wp-block-paragraph\">\u2022 <\/p>\n\n\n\n<p class=\"has-large-font-size wp-block-paragraph\">Zur satzungsgem\u00e4ssen Verwendung der Gelder geh\u00f6rt: <\/p>\n\n\n\n<ul class=\"has-large-font-size wp-block-list\"><li>\u2022 Kosten der Unterst\u00fctzung <\/li><li>\u2022 Die direkte Unterst\u00fctzung von Tierheimen und Tierasylen und \u00e4hnlichen Einrichtungen mit finanziellen Mitteln. <\/li><li>\u2022 Direkter Unterhalt von Tieren, die ihrem artgerechten Lebensraum zugef\u00fchrt werden (z.B. Auswilderungsprojekte). <\/li><li>\u2022 \u00dcbernahme der Unterhalts- und Unterbringungskosten von Tieren, um diesen eine w\u00fcrdige Existenz zu erm\u00f6glichen. <\/li><li>\u2022 Kosten der \u00d6ffentlichkeitsarbeit im Sinne von \u00a73 hierunter fallen auch folgende Kosten: <\/li><li>\u2022 Zweckgebundene Zuwendungen an Vereine und Einrichtungen f\u00fcr Zwecke nach \u00a72 <\/li><li>\u2022 Der Verein kann Rechtsschutz gew\u00e4hren in Rechtsangelegenheiten, die dem Vereinszweck dienlich sind. Der Rechtsschutz kann \u00fcber die bestehende Rechtsschutzversicherung gew\u00e4hrt werden. \u00dcber den Antrag auf Gew\u00e4hrung von Rechtsschutz entscheidet der Vorstand unter Beachtung der Verh\u00e4ltnism\u00e4ssigkeit. <\/li><li>\u2022 Kosten, die bei der Wahrnehmung des Vereinszwecks entstehen, k\u00f6nnen nach Genehmigung des Vorstands erstattet werden. Hierunter fallen auch Spesen und Reisekosten. Vereinseigene Fahrzeuge k\u00f6nnen hierbei den Mitgliedern f\u00fcr Vereinszwecke zur Verf\u00fcgung gestellt werden. <\/li><li>\u2022 Notwendige Kosten f\u00fcr die Unterbringung der Verwaltung, Raumkosten, B\u00fcromaschinenkosten und Personalkosten. <\/li><li>\u2022 Finanzierung von Weiterbildungsprojekten, um die \u00d6ffentlichkeitsarbeit professionell und wirkungsvoll vorantreiben zu k\u00f6nnen. <\/li><li>\u2022 Akquisition von neuen Mitgliedern und Spendern, um den Verein mittel- und langfristig finanziell zu st\u00e4rken und den Forderungen des Vereins durch einen gr\u00f6sseren Unterst\u00fctzerkreis mehr Nachdruck verleihen zu k\u00f6nnen. <\/li><\/ul>\n\n\n\n<p class=\"has-large-font-size wp-block-paragraph\"><strong>\u00a75 Mitgliedschaft <\/strong><\/p>\n\n\n\n<p class=\"has-large-font-size wp-block-paragraph\">Die Mitglieder des Vereins setzen sich aus sogenannten ordentlichen Mitgliedern und F\u00f6rdermitgliedern zusammen. Ordentliches Mitglied kann grunds\u00e4tzlich jede nat\u00fcrliche Person, jede Personengesellschaft, sowie jede juristische Person werden. Die Aufnahme als ordentliches Mitglied setzt einen schriftlichen, an den Vorstand gerichteten Antrag voraus, \u00fcber den der Vorstand entscheidet. Sachliche Voraussetzung f\u00fcr die ordentliche Mitgliedschaft ist fernerhin, dass sich die Antragstellerin\/Antragsteller mit einer schriftlichen Erkl\u00e4rung verpflichtet, die Ziele des Vereins zu f\u00f6rdern und den Verein aktiv zu unterst\u00fctzen. <\/p>\n\n\n\n<p class=\"has-large-font-size wp-block-paragraph\">Hierzu z\u00e4hlt eine aktive Mitarbeit bei vom Vorstand genehmigten und mit dem Vorstand abgestimmten Aktionen. Die ordentliche Mitgliedschaft beginnt mit dem Aufnahmebeschluss durch den Vorstand. Der Vorstand kann Antr\u00e4ge auf Aufnahme als ordentliches Mitglied auch dann ablehnen, wenn die vorbeschriebenen Voraussetzungen auf Seiten der Antragstellerin\/ Antragsteller vorliegen; der Vorstand ist n\u00e4mlich gehalten, die Anzahl der ordentlichen Mitglieder insoweit zu begrenzen, als es f\u00fcr die im Sinne der Zielsetzung des Vereins erforderliche rasche Handlungs- und Beschlussf\u00e4higkeit erforderlich ist. <\/p>\n\n\n\n<p class=\"has-large-font-size wp-block-paragraph\">Die Anzahl der ordentlichen Mitglieder kann durch einstimmigen Beschluss des Vorstands auf eine Zahl von 7 begrenzt werden, eine weitere Begrenzung der Anzahl der ordentlichen Mitglieder ist nicht m\u00f6glich. Die ordentliche Mitgliedschaft endet durch Tod, Austritt oder Ausschluss des Mitglieds. Der Austritt ist nur mit einer Frist von einem Monat durch schriftliche Mitteilung an den Vorstand zul\u00e4ssig. \u00dcber den Ausschluss entscheidet der Vorstand durch schriftlichen Beschluss. <\/p>\n\n\n\n<p class=\"has-large-font-size wp-block-paragraph\">Der Ausschluss ist bei Vorliegen erheblicher Gr\u00fcnde m\u00f6glich. Als solche sind insbesondere anzusehen: Erhebliche Verletzungen der Interesen und Zielsetzungen des Vereines durch das Mitglied, erhebliche Beitragsr\u00fcckst\u00e4nde sowie rechtskr\u00e4ftige strafrechtliche Verurteilungen des Mitglieds. <\/p>\n\n\n\n<p class=\"has-large-font-size wp-block-paragraph\">F\u00f6rdermitglied des Vereins kann werden, wer sich nicht aktiv an der Vereinsarbeit beteiligt, im \u00fcbrigen aber die Ziele des Vereins f\u00f6rdern und unterst\u00fctzen will. F\u00fcr die Aufnahme gen\u00fcgt eine schriftliche Beitrittserkl\u00e4rung verbunden mit der Zahlung des Mitgliedsbeitrags. F\u00f6rdermitglieder sind nicht stimmberechtigt. <\/p>\n\n\n\n<p class=\"has-large-font-size wp-block-paragraph\">F\u00fcr die Beendigung der Mitgliedschaft von F\u00f6rdermitgliedern gilt Abs. 3. Die Mitgliedschaft von F\u00f6rdermitgliedern endet ferner dann, wenn die finanzielle F\u00f6rderung des Vereins eingestellt wird, insbesondere, wenn der j\u00e4hrliche Mitgliedsbeitrag nicht mehr entrichtet wird. <\/p>\n\n\n\n<p class=\"has-large-font-size wp-block-paragraph\">Der Mindestmitgliedsbeitrag betr\u00e4gt \u20ac 30,- j\u00e4hrlich, f\u00fcr Kinder\/ Jugendliche\/ Arbeitslose \u20ac 15,- j\u00e4hrlich. <\/p>\n\n\n\n<p class=\"has-large-font-size wp-block-paragraph\">In Ausnahmef\u00e4llen kann bei aktiver Mitgliedschaft nach entsprechendem Antrag der Mitgliedsbeitrag erlassen werden. <\/p>\n\n\n\n<p class=\"has-large-font-size wp-block-paragraph\"><strong>\u00a7 6 Organe des Vereins <\/strong><\/p>\n\n\n\n<p class=\"has-large-font-size wp-block-paragraph\">Organe des Vereins sind der Vorstand und die Mitgliederversammlung <\/p>\n\n\n\n<p class=\"has-large-font-size wp-block-paragraph\"><strong>\u00a7 7 Vorstand<\/strong> <\/p>\n\n\n\n<p class=\"has-large-font-size wp-block-paragraph\">Der Vorstand im Sinne des \u00a7 26 BGB setzt sich aus <\/p>\n\n\n\n<ul class=\"has-large-font-size wp-block-list\"><li>dem\/der Vorstandsvorsitzenden (1.Vorsitzende(r)), <\/li><li>dem\/ der Koordinator(in), <\/li><li>und dem\/ der Gesch\u00e4ftsf\u00fchrer(in) <\/li><\/ul>\n\n\n\n<p class=\"has-large-font-size wp-block-paragraph\">zusammen, diese Personen sind Mitglieder des Vorstandes. Der\/die Gesch\u00e4ftsf\u00fchrer\/in und der\/die 1. Vorsitzende sind allein vertretungsberechtigt. Die anderen vorbezeichneten Vorstandsmitglieder haben keine Alleinvertretungsbefugnis, vorbehaltlich einer ausdr\u00fccklichen Bevollm\u00e4chtigung durch den gesamten Vorstand oder den\/der Gesch\u00e4ftsf\u00fchrer(in) oder den\/der 1. Vorstzende(n).<\/p>\n\n\n\n<p class=\"has-large-font-size wp-block-paragraph\">Bez\u00fcglich des Stimmrechts der Vorstandmitglieder gilt folgendes: F\u00fcr den Fall, dass sich bei einer Beschlussfassung innerhalb des Vorstands keine Mehrheit findet, entscheidet die Stimme des\/der Gesch\u00e4ftsf\u00fchrer(in), sie z\u00e4hlt in diesem Fall doppelt. <\/p>\n\n\n\n<p class=\"has-large-font-size wp-block-paragraph\">Bei Abstimmungen innerhalb der Mitgliederversammlung z\u00e4hlen die Stimmen aller vorbezeichneten Vorstandmitglieder doppelt, die der ordentlichen Mitglieder hingegen einfach. Soweit ein Vorstandsmitglied bei Beschlussfassungen an pers\u00f6nlicher Anwesenheit verhindert ist, ist es berechtigt, sein Stimmrecht auf ein anderes Vorstandmitglied zu \u00fcbertragen, dies durch schriftliche Bevollm\u00e4chtigung. <\/p>\n\n\n\n<p class=\"has-large-font-size wp-block-paragraph\">Die Mitglieder des Vorstandes sind bei ihrem Handeln f\u00fcr den Verein von der Haftung f\u00fcr Sch\u00e4den insoweit freigestellt, als sie durch einfache Fahrl\u00e4ssigkeit verursacht wurden. Der Vorstand wird f\u00fcr die Dauer von 4 Jahren von der Mitgliederversammlung gew\u00e4hlt, er bleibt jedoch so lange im Amt, bis ein neuer Vorstand gew\u00e4hlt ist. Tritt der Vorstand in seiner Gesamtheit zur\u00fcck, ist er verpflichtet, zuvor eine Mitgliederversammlung zum Zwecke der Neuwahl einzuberufen. <\/p>\n\n\n\n<p class=\"has-large-font-size wp-block-paragraph\">Endet das Amt eines oder mehrerer Vorstandmitglieder w\u00e4hrend der Amtsperiode, beschr\u00e4nkt sich der Vorstand auf die verbleibenden Vorstandmitglieder, bis in der n\u00e4chsten Jahreshauptversammlung eine entsprechende Erg\u00e4nzungswahl stattgefunden hat. Eine Abwahl eines Vorstandmitglieds w\u00e4hrend seiner Amtszeit ist nur durch einstimmigen Beschluss innerhalb einer Mitgliederversammlung m\u00f6glich. Eine Wiederwahl ist zul\u00e4ssig. <\/p>\n\n\n\n<p class=\"has-large-font-size wp-block-paragraph\"><strong>\u00a7 8 Wahl des Vorstandes <\/strong><\/p>\n\n\n\n<p class=\"has-large-font-size wp-block-paragraph\">Die Mitglieder des Vorstandes m\u00fcssen ordentliche Vereinsmitglieder sein und werden von der Mitgliederversammlung mit einfacher Mehrheit in offener Abstimmung gew\u00e4hlt. <\/p>\n\n\n\n<p class=\"has-large-font-size wp-block-paragraph\"><strong>\u00a7 9 Mitgliederversammlung <\/strong><\/p>\n\n\n\n<p class=\"has-large-font-size wp-block-paragraph\">Der Mitgliederversammlung des Vereins obliegt als Organ des Vereins die Beschlussfassung bez\u00fcglich all der Angelegenheiten, soweit sie nicht ausdr\u00fccklich durch die vorliegende Satzung einem anderen Organ, insbesondere dem Vorstand zur alleinigen Entscheidung zugewiesen wurde. <\/p>\n\n\n\n<p class=\"has-large-font-size wp-block-paragraph\">Ordentliche Mitgliederversammlungen werden mindestens einmal j\u00e4hrlich durch den Vorstand einberufen (Jahreshauptversammlung). Die Einberufung kann sowohl durch schriftliche Einladung, als auch durch Ver\u00f6ffentlichung im Vereinsorgan, der Internetseite, erfolgen. Die Einladung hat unter Wahrung einer Frist von mindestens zwei Wochen vor dem Termin der Mitgliederversammlung zu erfolgen, mit der Einladung sind die Tagesordnungspunkte bekanntzugeben. Eine Einladung nicht stimmberechtigter Mitglieder (F\u00f6rdermitglieder) zur Mitgliederversammlung ist nicht zwingend erforderlich. Sofern eine \u00c4nderung der Satzung zum Tagesordnungspunkt einer Mitgliederversammlung z\u00e4hlt, sind die stimmberechtigten Mitglieder in jedem Falle durch ausdr\u00fcckliche schriftliche Einladung unter Beif\u00fcgung der Tagesordnungspunkte fristgem\u00e4ss zu laden. <\/p>\n\n\n\n<p class=\"has-large-font-size wp-block-paragraph\">Ausserordentliche Mitgliederversammlungen sind dann einzuberufen, wenn dies im Interesse des Vereins erforderlich ist oder ein Drittel der stimmberechtigten Mitglieder diese Einberufung unter Angabe der Gr\u00fcnde schriftlich verlangt, die Aufforderung ist an den Vorstand zu richten. Der Gesch\u00e4ftsf\u00fchrer legt sp\u00e4testens einen Monat vor dem Termin der Jahreshauptversammlung einen Kassenbericht vor, der am Sitz des Vereins einsehbar ist. Berechtigt zur Einsichtnahme sind alle ordentlichen Mitglieder des Vereins. <\/p>\n\n\n\n<p class=\"has-large-font-size wp-block-paragraph\">In der Jahreshauptversammlung wird dieser Kassenbericht vom Gesch\u00e4ftsf\u00fchrer verlesen, ggf. erl\u00e4utert, bevor \u00fcber den Antrag auf Entlastung des Vorstands abgestimmt wird. Aufgrund eines entsprechenden Beschlusses der Mitgliederversammlung kann f\u00fcr das der Jahreshauptversammlung folgende Gesch\u00e4ftsjahr eine Pr\u00fcfung des vom Gesch\u00e4ftsf\u00fchrer vorzulegenden Kassenberichtes durch einen unabh\u00e4ngigen Kassenrevisor vorgenommen werden. Sofern diese Pr\u00fcfung beschlossen wurde, hat der Gesch\u00e4ftsf\u00fchrer sp\u00e4testens einen Monat vor der n\u00e4chsten Jahreshauptversammlung einen Kassenbericht zur Pr\u00fcfung vorzulegen. <\/p>\n\n\n\n<p class=\"has-large-font-size wp-block-paragraph\">Die Beschlussfassung der Mitgliederversammlung ist in eine vom Gesch\u00e4ftsf\u00fchrer(in) zu unterzeichnende Niederschrift (Protokoll) aufzunehmen. <\/p>\n\n\n\n<p class=\"has-large-font-size wp-block-paragraph\"><strong>\u00a710 Satzungs\u00e4nderungen<\/strong>  <\/p>\n\n\n\n<p class=\"has-large-font-size wp-block-paragraph\">Satzungs\u00e4nderungen bed\u00fcrfen zu ihrer Wirksamkeit einer Mehrheit von drei Vierteln der Mitgliederversammlung. <\/p>\n\n\n\n<p class=\"has-large-font-size wp-block-paragraph\">\u00a711 Aufl\u00f6sung des Vereins <\/p>\n\n\n\n<p class=\"has-large-font-size wp-block-paragraph\">Die Aufl\u00f6sung des Vereins kann nur in einer besonderen, zu diesem Zweck einberufenen, ausserordentlichen Mitgliederversammlung mit der Mehrheit von vier F\u00fcnfteln der anwesenden Mitglieder beschlossen werden. Dabei m\u00fcssen mindestens 1\/3 der ordentlichen Mitglieder anwesend sein. <\/p>\n\n\n\n<p class=\"has-large-font-size wp-block-paragraph\">Bei Aufl\u00f6sung des Vereins oder Wegfall seines bisherigen Zwecks f\u00e4llt das Verm\u00f6gen des Vereins an eine K\u00f6rperschaft des \u00f6ffentlichen Rechts oder eine andere steuerbeg\u00fcnstigte K\u00f6rperschaft, die es unmittelbar und ausschliesslich f\u00fcr Aufgaben des Tierschutzes zu verwenden hat. <\/p>\n\n\n\n<p class=\"has-large-font-size wp-block-paragraph\"><em>Stand: Bremen den 11.10.2012<\/em><\/p>\n\n\n\n<p class=\"wp-block-paragraph\"><\/p>\n\n\n\n<p class=\"wp-block-paragraph\"><\/p>\n\n\n\n<p class=\"wp-block-paragraph\"><\/p>\n","protected":false},"excerpt":{"rendered":"<p>TIERRECHTSBUND AKTIV e.V. Neuenlander Str. 17 28199 BREMEN \u00a7 1 Name und Sitz Der Verein f\u00fchrt den Namen &#8218;TIERRECHTSBUND AKTIV &#8218;und hat seinen Sitz in &hellip; <\/p>\n","protected":false},"author":1,"featured_media":0,"parent":0,"menu_order":0,"comment_status":"closed","ping_status":"closed","template":"","meta":{"_crdt_document":"","footnotes":""},"class_list":["post-995","page","type-page","status-publish","hentry"],"_links":{"self":[{"href":"https:\/\/tierrechtsbund-aktiv.de\/wp\/index.php?rest_route=\/wp\/v2\/pages\/995","targetHints":{"allow":["GET"]}}],"collection":[{"href":"https:\/\/tierrechtsbund-aktiv.de\/wp\/index.php?rest_route=\/wp\/v2\/pages"}],"about":[{"href":"https:\/\/tierrechtsbund-aktiv.de\/wp\/index.php?rest_route=\/wp\/v2\/types\/page"}],"author":[{"embeddable":true,"href":"https:\/\/tierrechtsbund-aktiv.de\/wp\/index.php?rest_route=\/wp\/v2\/users\/1"}],"replies":[{"embeddable":true,"href":"https:\/\/tierrechtsbund-aktiv.de\/wp\/index.php?rest_route=%2Fwp%2Fv2%2Fcomments&post=995"}],"version-history":[{"count":6,"href":"https:\/\/tierrechtsbund-aktiv.de\/wp\/index.php?rest_route=\/wp\/v2\/pages\/995\/revisions"}],"predecessor-version":[{"id":1505,"href":"https:\/\/tierrechtsbund-aktiv.de\/wp\/index.php?rest_route=\/wp\/v2\/pages\/995\/revisions\/1505"}],"wp:attachment":[{"href":"https:\/\/tierrechtsbund-aktiv.de\/wp\/index.php?rest_route=%2Fwp%2Fv2%2Fmedia&parent=995"}],"curies":[{"name":"wp","href":"https:\/\/api.w.org\/{rel}","templated":true}]}}